{"id":1601,"date":"2025-09-12T14:07:04","date_gmt":"2025-09-12T12:07:04","guid":{"rendered":"https:\/\/innere-lebenskraft.de\/?page_id=1601"},"modified":"2025-11-07T13:32:22","modified_gmt":"2025-11-07T12:32:22","slug":"aroma-touch-massage","status":"publish","type":"page","link":"https:\/\/innere-lebenskraft.de\/ru\/aroma-touch-massage\/","title":{"rendered":"\u0410\u0440\u043e\u043c\u0430\u0442\u0430\u0447 \u043c\u0430\u0441\u0441\u0430\u0436"},"content":{"rendered":"<div data-elementor-type=\"wp-page\" data-elementor-id=\"1601\" class=\"elementor elementor-1601\">\n\t\t\t\t<div class=\"elementor-element elementor-element-18388af e-flex e-con-boxed e-con e-parent\" data-id=\"18388af\" data-element_type=\"container\" data-settings=\"{&quot;background_background&quot;:&quot;classic&quot;}\">\n\t\t\t\t\t<div class=\"e-con-inner\">\n\t\t<div class=\"elementor-element elementor-element-5ea8a60 e-con-full e-flex e-con e-child\" data-id=\"5ea8a60\" data-element_type=\"container\">\n\t\t\t\t<div class=\"elementor-element elementor-element-a4d349c elementor-widget elementor-widget-heading\" data-id=\"a4d349c\" data-element_type=\"widget\" data-widget_type=\"heading.default\">\n\t\t\t\t<div class=\"elementor-widget-container\">\n\t\t\t\t\t<h6 class=\"elementor-heading-title elementor-size-default\">Aroma Touch<\/h6>\t\t\t\t<\/div>\n\t\t\t\t<\/div>\n\t\t\t\t<div class=\"elementor-element elementor-element-0c3541e elementor-widget elementor-widget-heading\" data-id=\"0c3541e\" data-element_type=\"widget\" data-widget_type=\"heading.default\">\n\t\t\t\t<div class=\"elementor-widget-container\">\n\t\t\t\t\t<h1 class=\"elementor-heading-title elementor-size-default\">\u041f\u0440\u0438\u043a\u043e\u0441\u043d\u043e\u0432\u0435\u043d\u0438\u0435, \u043a\u043e\u0442\u043e\u0440\u043e\u0435 \u0432\u0435\u0440\u043d\u0451\u0442 \u0433\u0430\u0440\u043c\u043e\u043d\u0438\u044e<\/h1>\t\t\t\t<\/div>\n\t\t\t\t<\/div>\n\t\t\t\t<\/div>\n\t\t\t\t\t<\/div>\n\t\t\t\t<\/div>\n\t\t<div class=\"elementor-element elementor-element-1068e38 e-flex e-con-boxed e-con e-parent\" data-id=\"1068e38\" data-element_type=\"container\">\n\t\t\t\t\t<div class=\"e-con-inner\">\n\t\t\t\t<div class=\"elementor-element elementor-element-faf63ea elementor-widget elementor-widget-heading\" data-id=\"faf63ea\" data-element_type=\"widget\" data-widget_type=\"heading.default\">\n\t\t\t\t<div class=\"elementor-widget-container\">\n\t\t\t\t\t<h1 class=\"elementor-heading-title elementor-size-default\">\u0410\u0440\u043e\u043c\u0430\u0442\u0430\u0447 \u043c\u0430\u0441\u0441\u0430\u0436<\/h1>\t\t\t\t<\/div>\n\t\t\t\t<\/div>\n\t\t\t\t\t<\/div>\n\t\t\t\t<\/div>\n\t\t<div class=\"elementor-element elementor-element-820dd84 e-flex e-con-boxed e-con e-parent\" data-id=\"820dd84\" data-element_type=\"container\" data-settings=\"{&quot;background_background&quot;:&quot;classic&quot;}\">\n\t\t\t\t\t<div class=\"e-con-inner\">\n\t\t\t\t<div class=\"elementor-element elementor-element-f167f30 elementor-widget elementor-widget-heading\" data-id=\"f167f30\" data-element_type=\"widget\" data-widget_type=\"heading.default\">\n\t\t\t\t<div class=\"elementor-widget-container\">\n\t\t\t\t\t<h2 class=\"elementor-heading-title elementor-size-default\">\u0422\u0432\u043e\u0439 \u043f\u0443\u0442\u044c \u2014 \u043a \u0440\u0430\u0432\u043d\u043e\u0432\u0435\u0441\u0438\u044e \u0438 \u0432\u043d\u0443\u0442\u0440\u0435\u043d\u043d\u0435\u043c\u0443 \u043f\u043e\u043a\u043e\u044e<\/h2>\t\t\t\t<\/div>\n\t\t\t\t<\/div>\n\t\t\t\t<div class=\"elementor-element elementor-element-221aadf elementor-widget elementor-widget-text-editor\" data-id=\"221aadf\" data-element_type=\"widget\" data-widget_type=\"text-editor.default\">\n\t\t\t\t<div class=\"elementor-widget-container\">\n\t\t\t\t\t\t\t\t\t<p><strong>\u041e\u0434\u0438\u043d \u0432\u0434\u043e\u0445, \u043e\u0434\u043d\u043e \u043f\u0440\u0438\u043a\u043e\u0441\u043d\u043e\u0432\u0435\u043d\u0438\u0435 \u2014 \u0438 \u0442\u044b \u0432\u043e\u0437\u0432\u0440\u0430\u0449\u0430\u0435\u0448\u044c\u0441\u044f \u043a \u0441\u0435\u0431\u0435.<\/strong><\/p>\n<p>\u0411\u044b\u0432\u0430\u0435\u0442, \u0447\u0442\u043e \u043c\u044b \u0432\u043e\u0441\u043f\u0440\u0438\u043d\u0438\u043c\u0430\u0435\u043c \u0443\u0441\u0442\u0430\u043b\u043e\u0441\u0442\u044c \u0438 \u0441\u0442\u0440\u0435\u0441\u0441 \u043a\u0430\u043a \u043d\u0435\u0447\u0442\u043e \u043f\u0440\u0438\u0432\u044b\u0447\u043d\u043e\u0435. \u041c\u044b \u0434\u0435\u0439\u0441\u0442\u0432\u0443\u0435\u043c \u0430\u0432\u0442\u043e\u043c\u0430\u0442\u0438\u0447\u0435\u0441\u043a\u0438 \u0438 \u043d\u0435 \u0441\u043b\u044b\u0448\u0438\u043c, \u043a\u0430\u043a \u0442\u0435\u043b\u043e \u0438 \u0434\u0443\u0448\u0430 \u043f\u0440\u043e\u0441\u044f\u0442 \u043e \u0432\u043d\u0438\u043c\u0430\u043d\u0438\u0438 \u0438 \u043e\u0442\u0434\u044b\u0445\u0435.<br>\u041c\u0430\u0441\u0441\u0430\u0436 Aroma Touch \u043f\u0440\u0438\u0433\u043b\u0430\u0448\u0430\u0435\u0442 \u0442\u0435\u0431\u044f \u043e\u0441\u0442\u0430\u043d\u043e\u0432\u0438\u0442\u044c\u0441\u044f, \u0441\u0434\u0435\u043b\u0430\u0442\u044c \u0433\u043b\u0443\u0431\u043e\u043a\u0438\u0439 \u0432\u0434\u043e\u0445 \u0438 \u0432\u043d\u043e\u0432\u044c \u043d\u0430\u0439\u0442\u0438 \u043f\u0443\u0442\u044c \u043a \u0441\u0432\u043e\u0435\u043c\u0443 \u0432\u043d\u0443\u0442\u0440\u0435\u043d\u043d\u0435\u043c\u0443 \u0440\u0430\u0432\u043d\u043e\u0432\u0435\u0441\u0438\u044e.<\/p>\n<p><strong>\u0427\u0442\u043e \u044d\u0442\u043e \u0442\u0430\u043a\u043e\u0435?<\/strong><br>\u041c\u0435\u0442\u043e\u0434\u0438\u043a\u0430 Aroma Touch \u0431\u044b\u043b\u0430 \u0440\u0430\u0437\u0440\u0430\u0431\u043e\u0442\u0430\u043d\u0430 \u0434\u043e\u043a\u0442\u043e\u0440\u043e\u043c \u0414\u044d\u0432\u0438\u0434\u043e\u043c \u0425\u0438\u043b\u043b\u043e\u043c \u0438 \u0441\u043e\u0447\u0435\u0442\u0430\u0435\u0442 \u0432 \u0441\u0435\u0431\u0435 \u044d\u0444\u0438\u0440\u043d\u044b\u0435 \u043c\u0430\u0441\u043b\u0430 \u0442\u0435\u0440\u0430\u043f\u0435\u0432\u0442\u0438\u0447\u0435\u0441\u043a\u043e\u0433\u043e \u043a\u0430\u0447\u0435\u0441\u0442\u0432\u0430 \u0441 \u043c\u044f\u0433\u043a\u0438\u043c\u0438 \u043c\u0430\u0441\u0441\u0430\u0436\u043d\u044b\u043c\u0438 \u0442\u0435\u0445\u043d\u0438\u043a\u0430\u043c\u0438 \u043d\u0430 \u0441\u043f\u0438\u043d\u0435, \u0441\u0442\u043e\u043f\u0430\u0445 \u0438 \u043a\u0438\u0441\u0442\u044f\u0445. \u042d\u0442\u043e\u0442 \u043c\u0435\u0442\u043e\u0434 \u0441\u043d\u0438\u0436\u0430\u0435\u0442 \u0441\u0442\u0440\u0435\u0441\u0441, \u0443\u0441\u0442\u0440\u0430\u043d\u044f\u0435\u0442 \u043d\u0430\u043f\u0440\u044f\u0436\u0435\u043d\u0438\u0435, \u043f\u043e\u0434\u0434\u0435\u0440\u0436\u0438\u0432\u0430\u0435\u0442 \u0438\u043c\u043c\u0443\u043d\u043d\u0443\u044e \u0441\u0438\u0441\u0442\u0435\u043c\u0443 \u0438 \u043f\u043e\u043c\u043e\u0433\u0430\u0435\u0442 \u0442\u0435\u043b\u0443 \u043f\u0440\u0438\u0439\u0442\u0438 \u0432 \u0440\u0430\u0432\u043d\u043e\u0432\u0435\u0441\u0438\u0435.<\/p>\n<p><strong>\u041f\u043e\u0447\u0435\u043c\u0443 \u043e\u043d\u0430 \u0434\u0435\u0439\u0441\u0442\u0432\u0443\u0435\u0442 \u0442\u0430\u043a \u0433\u043b\u0443\u0431\u043e\u043a\u043e?<\/strong><br>\u042d\u0444\u0438\u0440\u043d\u044b\u0435 \u043c\u0430\u0441\u043b\u0430 \u0434\u0435\u0439\u0441\u0442\u0432\u0443\u044e\u0442 \u043d\u0430 \u043a\u043b\u0435\u0442\u043e\u0447\u043d\u043e\u043c \u0443\u0440\u043e\u0432\u043d\u0435 \u0438 \u0441\u043f\u043e\u0441\u043e\u0431\u0441\u0442\u0432\u0443\u044e\u0442 \u043e\u0447\u0438\u0449\u0435\u043d\u0438\u044e, \u0440\u0430\u0441\u0441\u043b\u0430\u0431\u043b\u0435\u043d\u0438\u044e \u0438 \u0432\u043e\u0441\u0441\u0442\u0430\u043d\u043e\u0432\u043b\u0435\u043d\u0438\u044e. \u041e\u0434\u043d\u043e\u0432\u0440\u0435\u043c\u0435\u043d\u043d\u043e \u043d\u0435\u0436\u043d\u044b\u0435 \u043f\u0440\u0438\u043a\u043e\u0441\u043d\u043e\u0432\u0435\u043d\u0438\u044f \u0443\u0441\u043f\u043e\u043a\u0430\u0438\u0432\u0430\u044e\u0442 \u043d\u0435\u0440\u0432\u043d\u0443\u044e \u0441\u0438\u0441\u0442\u0435\u043c\u0443, \u0433\u0430\u0440\u043c\u043e\u043d\u0438\u0437\u0438\u0440\u0443\u044e\u0442 \u044d\u043c\u043e\u0446\u0438\u0438 \u0438 \u043d\u0430\u043f\u043e\u043b\u043d\u044f\u044e\u0442 \u0442\u0435\u043b\u043e \u043d\u043e\u0432\u043e\u0439 \u044d\u043d\u0435\u0440\u0433\u0438\u0435\u0439.<\/p>\n<p><strong>\u041c\u043e\u044f \u043e\u0441\u043e\u0431\u0435\u043d\u043d\u043e\u0441\u0442\u044c \u043a\u0430\u043a \u0442\u0435\u0440\u0430\u043f\u0435\u0432\u0442\u0430<\/strong><br>\u042f \u043e\u0431\u044a\u0435\u0434\u0438\u043d\u044f\u044e \u043c\u0435\u0442\u043e\u0434\u0438\u043a\u0443 Aroma Touch \u0441 \u0420\u0435\u0439\u043a\u0438. \u0422\u0430\u043a\u0438\u043c \u043e\u0431\u0440\u0430\u0437\u043e\u043c, \u043f\u043e\u0442\u043e\u043a \u0446\u0435\u043b\u0438\u0442\u0435\u043b\u044c\u043d\u043e\u0439 \u044d\u043d\u0435\u0440\u0433\u0438\u0438 \u0443\u0441\u0438\u043b\u0438\u0432\u0430\u0435\u0442 \u0434\u0435\u0439\u0441\u0442\u0432\u0438\u0435 \u043c\u0430\u0441\u0435\u043b.\n\u0422\u0432\u043e\u0451 \u0442\u0435\u043b\u043e \u043e\u0442\u043a\u0440\u044b\u0432\u0430\u0435\u0442\u0441\u044f \u0447\u0435\u0440\u0435\u0437 \u0430\u0440\u043e\u043c\u0430\u0442\u044b \u2014 \u0430 \u0420\u0435\u0439\u043a\u0438 \u043f\u0440\u0438\u043d\u043e\u0441\u0438\u0442 \u0441\u0432\u0435\u0442 \u0438 \u0441\u0438\u043b\u0443 \u0432 \u0442\u0432\u043e\u0451 \u0432\u043d\u0443\u0442\u0440\u0435\u043d\u043d\u0435\u0435 \u043f\u0440\u043e\u0441\u0442\u0440\u0430\u043d\u0441\u0442\u0432\u043e.<\/p>\n<p><strong>\u0427\u0442\u043e \u0442\u044b \u043c\u043e\u0436\u0435\u0448\u044c \u0438\u0441\u043f\u044b\u0442\u0430\u0442\u044c?<\/strong><br>\u2013 \u041b\u0451\u0433\u043a\u043e\u0441\u0442\u044c \u0432 \u0442\u0435\u043b\u0435 \u0438 \u044f\u0441\u043d\u043e\u0441\u0442\u044c \u0432 \u0441\u043e\u0437\u043d\u0430\u043d\u0438\u0438<br>\u2013 \u0413\u043b\u0443\u0431\u043e\u043a\u043e\u0435 \u043e\u0442\u043f\u0443\u0441\u043a\u0430\u043d\u0438\u0435 \u0438 \u0432\u043d\u0443\u0442\u0440\u0435\u043d\u043d\u0438\u0439 \u043f\u043e\u043a\u043e\u0439<br>\u2013 \u0421\u043d\u0438\u0436\u0435\u043d\u0438\u0435 \u0443\u0441\u0442\u0430\u043b\u043e\u0441\u0442\u0438 \u0438 \u0441\u0442\u0440\u0435\u0441\u0441\u0430<br>\u2013 \u0427\u0443\u0432\u0441\u0442\u0432\u043e \u0446\u0435\u043b\u043e\u0441\u0442\u043d\u043e\u0441\u0442\u0438 \u0438 \u0432\u043d\u0443\u0442\u0440\u0435\u043d\u043d\u0435\u0439 \u0441\u0438\u043b\u044b<br>\u2013 \u0410\u043a\u0442\u0438\u0432\u0430\u0446\u0438\u044f \u0441\u0438\u043b \u0441\u0430\u043c\u043e\u0432\u043e\u0441\u0441\u0442\u0430\u043d\u043e\u0432\u043b\u0435\u043d\u0438\u044f \u0438 \u043f\u043e\u0434\u0434\u0435\u0440\u0436\u043a\u0430 \u0438\u043c\u043c\u0443\u043d\u043d\u043e\u0439 \u0441\u0438\u0441\u0442\u0435\u043c\u044b<\/p>\n<p><strong>\u041f\u0440\u0438\u0433\u043b\u0430\u0448\u0435\u043d\u0438\u0435<\/strong><br>\u041c\u0430\u0441\u0441\u0430\u0436 Aroma Touch \u2014 \u044d\u0442\u043e \u043d\u0435 \u043f\u0440\u043e\u0441\u0442\u043e \u0443\u0445\u043e\u0434 \u0437\u0430 \u0442\u0435\u043b\u043e\u043c. \u042d\u0442\u043e \u0438\u0441\u0446\u0435\u043b\u044f\u044e\u0449\u0438\u0439 \u0440\u0438\u0442\u0443\u0430\u043b, \u0432 \u043a\u043e\u0442\u043e\u0440\u043e\u043c \u0430\u0440\u043e\u043c\u0430\u0442, \u043f\u0440\u0438\u043a\u043e\u0441\u043d\u043e\u0432\u0435\u043d\u0438\u0435 \u0438 \u044d\u043d\u0435\u0440\u0433\u0438\u044f \u0441\u043b\u0438\u0432\u0430\u044e\u0442\u0441\u044f \u0432 \u0442\u043e\u043d\u043a\u0438\u0439 \u043f\u0440\u043e\u0446\u0435\u0441\u0441. \u0412\u0440\u0435\u043c\u044f, \u0447\u0442\u043e\u0431\u044b \u0432\u043e\u0441\u0441\u0442\u0430\u043d\u043e\u0432\u0438\u0442\u044c \u0441\u0438\u043b\u044b, \u043d\u0430\u043f\u043e\u043b\u043d\u0438\u0442\u044c\u0441\u044f \u0441\u0432\u0435\u0442\u043e\u043c \u0438 \u0432\u0435\u0440\u043d\u0443\u0442\u044c\u0441\u044f \u043a \u0436\u0438\u0437\u043d\u0438 \u0441 \u043d\u043e\u0432\u043e\u0439 \u044d\u043d\u0435\u0440\u0433\u0438\u0435\u0439.<\/p>\t\t\t\t\t\t\t\t<\/div>\n\t\t\t\t<\/div>\n\t\t\t\t\t<\/div>\n\t\t\t\t<\/div>\n\t\t<div class=\"elementor-element elementor-element-123ba85 e-flex e-con-boxed e-con e-parent\" data-id=\"123ba85\" data-element_type=\"container\">\n\t\t\t\t\t<div class=\"e-con-inner\">\n\t\t<div class=\"elementor-element elementor-element-b2ec4a2 e-con-full e-flex e-con e-child\" data-id=\"b2ec4a2\" data-element_type=\"container\">\n\t\t\t\t<div class=\"elementor-element elementor-element-2bfd8f1 elementor-widget elementor-widget-image\" data-id=\"2bfd8f1\" data-element_type=\"widget\" data-widget_type=\"image.default\">\n\t\t\t\t<div class=\"elementor-widget-container\">\n\t\t\t\t\t\t\t\t\t\t\t\t\t\t\t<img loading=\"lazy\" decoding=\"async\" width=\"850\" height=\"1278\" src=\"https:\/\/innere-lebenskraft.de\/wp-content\/uploads\/2025\/10\/DSC_8303a.jpg\" class=\"attachment-full size-full wp-image-1941\" alt=\"Aroma Touch Massage Laer und umgebung\" srcset=\"https:\/\/innere-lebenskraft.de\/wp-content\/uploads\/2025\/10\/DSC_8303a.jpg 850w, https:\/\/innere-lebenskraft.de\/wp-content\/uploads\/2025\/10\/DSC_8303a-200x300.jpg 200w, https:\/\/innere-lebenskraft.de\/wp-content\/uploads\/2025\/10\/DSC_8303a-681x1024.jpg 681w, https:\/\/innere-lebenskraft.de\/wp-content\/uploads\/2025\/10\/DSC_8303a-768x1155.jpg 768w, https:\/\/innere-lebenskraft.de\/wp-content\/uploads\/2025\/10\/DSC_8303a-8x12.jpg 8w\" sizes=\"auto, (max-width: 850px) 100vw, 850px\" \/>\t\t\t\t\t\t\t\t\t\t\t\t\t\t\t<\/div>\n\t\t\t\t<\/div>\n\t\t\t\t<\/div>\n\t\t<div class=\"elementor-element elementor-element-38e0dd4 e-con-full e-flex e-con e-child\" data-id=\"38e0dd4\" data-element_type=\"container\">\n\t\t\t\t<div class=\"elementor-element elementor-element-651adce elementor-widget elementor-widget-heading\" data-id=\"651adce\" data-element_type=\"widget\" data-widget_type=\"heading.default\">\n\t\t\t\t<div class=\"elementor-widget-container\">\n\t\t\t\t\t<h2 class=\"elementor-heading-title elementor-size-default\">\u041f\u043e\u0447\u0443\u0432\u0441\u0442\u0432\u0443\u0439 \u0441\u0438\u043b\u0443 \u043f\u0435\u0440\u0435\u0440\u043e\u0436\u0434\u0435\u043d\u0438\u044f<\/h2>\t\t\t\t<\/div>\n\t\t\t\t<\/div>\n\t\t\t\t<div class=\"elementor-element elementor-element-c0e1a60 elementor-widget-divider--view-line elementor-widget elementor-widget-divider\" data-id=\"c0e1a60\" data-element_type=\"widget\" data-widget_type=\"divider.default\">\n\t\t\t\t<div class=\"elementor-widget-container\">\n\t\t\t\t\t\t\t<div class=\"elementor-divider\">\n\t\t\t<span class=\"elementor-divider-separator\">\n\t\t\t\t\t\t<\/span>\n\t\t<\/div>\n\t\t\t\t\t\t<\/div>\n\t\t\t\t<\/div>\n\t\t\t\t<div class=\"elementor-element elementor-element-61e6960 elementor-widget elementor-widget-heading\" data-id=\"61e6960\" data-element_type=\"widget\" data-widget_type=\"heading.default\">\n\t\t\t\t<div class=\"elementor-widget-container\">\n\t\t\t\t\t<h6 class=\"elementor-heading-title elementor-size-default\">\u041f\u043e\u0437\u0432\u043e\u043b\u044c \u0441\u0435\u0431\u0435  \u043e\u0442\u043f\u0443\u0441\u0442\u0438\u0442\u044c \u043d\u0430\u043f\u0440\u044f\u0436\u0435\u043d\u0438\u0435.<\/h6>\t\t\t\t<\/div>\n\t\t\t\t<\/div>\n\t\t\t\t<div class=\"elementor-element elementor-element-cd004ed elementor-widget elementor-widget-text-editor\" data-id=\"cd004ed\" data-element_type=\"widget\" data-widget_type=\"text-editor.default\">\n\t\t\t\t<div class=\"elementor-widget-container\">\n\t\t\t\t\t\t\t\t\t<p>\u041a\u0430\u0436\u0434\u043e\u0435 \u043f\u0440\u0438\u043a\u043e\u0441\u043d\u043e\u0432\u0435\u043d\u0438\u0435 \u043d\u0430\u043f\u043e\u043b\u043d\u0435\u043d\u043e \u0441\u0432\u0435\u0442\u043b\u043e\u0439 \u044d\u043d\u0435\u0440\u0433\u0438\u0435\u0439 \u0438 \u0442\u043e\u043d\u043a\u0438\u043c \u0430\u0440\u043e\u043c\u0430\u0442\u043e\u043c \u043c\u0430\u0441\u0435\u043b. Aroma Touch \u0434\u0430\u0440\u0438\u0442 \u0442\u0435\u0431\u0435 \u043e\u0449\u0443\u0449\u0435\u043d\u0438\u0435, \u0431\u0443\u0434\u0442\u043e  \u0442\u044b \u0432\u043e\u0437\u0440\u043e\u0436\u0434\u0430\u0435\u0448\u044c\u0441\u044f \u2014 \u0432 \u043f\u0440\u043e\u0441\u0442\u0440\u0430\u043d\u0441\u0442\u0432\u0435 \u0441\u0432\u0435\u0442\u0430, \u043f\u043e\u043a\u043e\u044f \u0438 \u0432\u043d\u0443\u0442\u0440\u0435\u043d\u043d\u0435\u0439 \u0442\u0438\u0448\u0438\u043d\u044b.<\/p>\t\t\t\t\t\t\t\t<\/div>\n\t\t\t\t<\/div>\n\t\t\t\t<div class=\"elementor-element elementor-element-5658885 elementor-widget elementor-widget-button\" data-id=\"5658885\" data-element_type=\"widget\" data-widget_type=\"button.default\">\n\t\t\t\t<div class=\"elementor-widget-container\">\n\t\t\t\t\t\t\t\t\t<div class=\"elementor-button-wrapper\">\n\t\t\t\t\t<a class=\"elementor-button elementor-button-link elementor-size-sm\" href=\"https:\/\/innere-lebenskraft.de\/ru\/kontakt\/\">\n\t\t\t\t\t\t<span class=\"elementor-button-content-wrapper\">\n\t\t\t\t\t\t\t\t\t<span class=\"elementor-button-text\">\u0417\u0430\u043f\u0438\u0441\u0430\u0442\u044c\u0441\u044f \u043d\u0430 \u043c\u0430\u0441\u0441\u0430\u0436<\/span>\n\t\t\t\t\t<\/span>\n\t\t\t\t\t<\/a>\n\t\t\t\t<\/div>\n\t\t\t\t\t\t\t\t<\/div>\n\t\t\t\t<\/div>\n\t\t\t\t<\/div>\n\t\t\t\t\t<\/div>\n\t\t\t\t<\/div>\n\t\t\t\t<\/div>","protected":false},"excerpt":{"rendered":"<p>Aroma Touch Ber\u00fchrung, die Harmonie zur\u00fcckbringt Aroma Touch Massage Dein Weg zur\u00fcck in Balance und inneren Frieden Ein Atemzug, eine [&hellip;]<\/p>\n","protected":false},"author":1,"featured_media":0,"parent":0,"menu_order":0,"comment_status":"closed","ping_status":"closed","template":"","meta":{"site-sidebar-layout":"no-sidebar","site-content-layout":"","ast-site-content-layout":"full-width-container","site-content-style":"default","site-sidebar-style":"default","ast-global-header-display":"","ast-banner-title-visibility":"","ast-main-header-display":"","ast-hfb-above-header-display":"","ast-hfb-below-header-display":"","ast-hfb-mobile-header-display":"","site-post-title":"disabled","ast-breadcrumbs-content":"","ast-featured-img":"disabled","footer-sml-layout":"","theme-transparent-header-meta":"","adv-header-id-meta":"","stick-header-meta":"","header-above-stick-meta":"","header-main-stick-meta":"","header-below-stick-meta":"","astra-migrate-meta-layouts":"default","ast-page-background-enabled":"default","ast-page-background-meta":{"desktop":{"background-color":"var(--ast-global-color-4)","background-image":"","background-repeat":"repeat","background-position":"center center","background-size":"auto","background-attachment":"scroll","background-type":"","background-media":"","overlay-type":"","overlay-color":"","overlay-opacity":"","overlay-gradient":""},"tablet":{"background-color":"","background-image":"","background-repeat":"repeat","background-position":"center center","background-size":"auto","background-attachment":"scroll","background-type":"","background-media":"","overlay-type":"","overlay-color":"","overlay-opacity":"","overlay-gradient":""},"mobile":{"background-color":"","background-image":"","background-repeat":"repeat","background-position":"center center","background-size":"auto","background-attachment":"scroll","background-type":"","background-media":"","overlay-type":"","overlay-color":"","overlay-opacity":"","overlay-gradient":""}},"ast-content-background-meta":{"desktop":{"background-color":"var(--ast-global-color-5)","background-image":"","background-repeat":"repeat","background-position":"center center","background-size":"auto","background-attachment":"scroll","background-type":"","background-media":"","overlay-type":"","overlay-color":"","overlay-opacity":"","overlay-gradient":""},"tablet":{"background-color":"var(--ast-global-color-5)","background-image":"","background-repeat":"repeat","background-position":"center center","background-size":"auto","background-attachment":"scroll","background-type":"","background-media":"","overlay-type":"","overlay-color":"","overlay-opacity":"","overlay-gradient":""},"mobile":{"background-color":"var(--ast-global-color-5)","background-image":"","background-repeat":"repeat","background-position":"center center","background-size":"auto","background-attachment":"scroll","background-type":"","background-media":"","overlay-type":"","overlay-color":"","overlay-opacity":"","overlay-gradient":""}},"footnotes":""},"class_list":["post-1601","page","type-page","status-publish","hentry"],"_links":{"self":[{"href":"https:\/\/innere-lebenskraft.de\/ru\/wp-json\/wp\/v2\/pages\/1601","targetHints":{"allow":["GET"]}}],"collection":[{"href":"https:\/\/innere-lebenskraft.de\/ru\/wp-json\/wp\/v2\/pages"}],"about":[{"href":"https:\/\/innere-lebenskraft.de\/ru\/wp-json\/wp\/v2\/types\/page"}],"author":[{"embeddable":true,"href":"https:\/\/innere-lebenskraft.de\/ru\/wp-json\/wp\/v2\/users\/1"}],"replies":[{"embeddable":true,"href":"https:\/\/innere-lebenskraft.de\/ru\/wp-json\/wp\/v2\/comments?post=1601"}],"version-history":[{"count":10,"href":"https:\/\/innere-lebenskraft.de\/ru\/wp-json\/wp\/v2\/pages\/1601\/revisions"}],"predecessor-version":[{"id":2659,"href":"https:\/\/innere-lebenskraft.de\/ru\/wp-json\/wp\/v2\/pages\/1601\/revisions\/2659"}],"wp:attachment":[{"href":"https:\/\/innere-lebenskraft.de\/ru\/wp-json\/wp\/v2\/media?parent=1601"}],"curies":[{"name":"wp","href":"https:\/\/api.w.org\/{rel}","templated":true}]}}