{"id":1622,"date":"2025-09-12T18:32:45","date_gmt":"2025-09-12T16:32:45","guid":{"rendered":"https:\/\/innere-lebenskraft.de\/?page_id=1622"},"modified":"2025-11-07T13:33:27","modified_gmt":"2025-11-07T12:33:27","slug":"energiebilder","status":"publish","type":"page","link":"https:\/\/innere-lebenskraft.de\/ru\/energiebilder\/","title":{"rendered":"\u042d\u043d\u0435\u0440\u0433\u0435\u0442\u0438\u0447\u0435\u0441\u043a\u0438\u0435 \u043a\u0430\u0440\u0442\u0438\u043d\u044b"},"content":{"rendered":"<div data-elementor-type=\"wp-page\" data-elementor-id=\"1622\" class=\"elementor elementor-1622\">\n\t\t\t\t<div class=\"elementor-element elementor-element-18388af e-flex e-con-boxed e-con e-parent\" data-id=\"18388af\" data-element_type=\"container\" data-settings=\"{&quot;background_background&quot;:&quot;classic&quot;}\">\n\t\t\t\t\t<div class=\"e-con-inner\">\n\t\t<div class=\"elementor-element elementor-element-5ea8a60 e-con-full e-flex e-con e-child\" data-id=\"5ea8a60\" data-element_type=\"container\">\n\t\t\t\t<div class=\"elementor-element elementor-element-a4d349c elementor-widget elementor-widget-heading\" data-id=\"a4d349c\" data-element_type=\"widget\" data-widget_type=\"heading.default\">\n\t\t\t\t<div class=\"elementor-widget-container\">\n\t\t\t\t\t<h6 class=\"elementor-heading-title elementor-size-default\">\u042d\u043d\u0435\u0440\u0433\u0435\u0442\u0438\u0447\u0435\u0441\u043a\u0438\u0435 \u043a\u0430\u0440\u0442\u0438\u043d\u044b <\/h6>\t\t\t\t<\/div>\n\t\t\t\t<\/div>\n\t\t\t\t<div class=\"elementor-element elementor-element-0c3541e elementor-widget elementor-widget-heading\" data-id=\"0c3541e\" data-element_type=\"widget\" data-widget_type=\"heading.default\">\n\t\t\t\t<div class=\"elementor-widget-container\">\n\t\t\t\t\t<h1 class=\"elementor-heading-title elementor-size-default\">\u041d\u0430\u043f\u043e\u043c\u0438\u043d\u0430\u043d\u0438\u0435 \u043e \u0442\u0432\u043e\u0435\u0439 \u0441\u0438\u043b\u0435 \u0438 \u0432\u043d\u0443\u0442\u0440\u0435\u043d\u043d\u0435\u043c \u0441\u0438\u044f\u043d\u0438\u0438<\/h1>\t\t\t\t<\/div>\n\t\t\t\t<\/div>\n\t\t\t\t<\/div>\n\t\t\t\t\t<\/div>\n\t\t\t\t<\/div>\n\t\t<div class=\"elementor-element elementor-element-1068e38 e-flex e-con-boxed e-con e-parent\" data-id=\"1068e38\" data-element_type=\"container\">\n\t\t\t\t\t<div class=\"e-con-inner\">\n\t\t\t\t<div class=\"elementor-element elementor-element-faf63ea elementor-widget elementor-widget-heading\" data-id=\"faf63ea\" data-element_type=\"widget\" data-widget_type=\"heading.default\">\n\t\t\t\t<div class=\"elementor-widget-container\">\n\t\t\t\t\t<h1 class=\"elementor-heading-title elementor-size-default\">\u042d\u043d\u0435\u0440\u0433\u0435\u0442\u0438\u0447\u0435\u0441\u043a\u0438\u0435 \u043a\u0430\u0440\u0442\u0438\u043d\u044b <\/h1>\t\t\t\t<\/div>\n\t\t\t\t<\/div>\n\t\t\t\t\t<\/div>\n\t\t\t\t<\/div>\n\t\t<div class=\"elementor-element elementor-element-820dd84 e-flex e-con-boxed e-con e-parent\" data-id=\"820dd84\" data-element_type=\"container\" data-settings=\"{&quot;background_background&quot;:&quot;classic&quot;}\">\n\t\t\t\t\t<div class=\"e-con-inner\">\n\t\t\t\t<div class=\"elementor-element elementor-element-f167f30 elementor-widget elementor-widget-heading\" data-id=\"f167f30\" data-element_type=\"widget\" data-widget_type=\"heading.default\">\n\t\t\t\t<div class=\"elementor-widget-container\">\n\t\t\t\t\t<h2 class=\"elementor-heading-title elementor-size-default\">\u042d\u043d\u0435\u0440\u0433\u0435\u0442\u0438\u0447\u0435\u0441\u043a\u0438\u0435 \u043a\u0430\u0440\u0442\u0438\u043d\u044b \u2014 \u0441\u0438\u044f\u044e\u0449\u0435\u0435 \u043e\u0442\u0440\u0430\u0436\u0435\u043d\u0438\u0435 \u0442\u0432\u043e\u0435\u0439 \u0434\u0443\u0448\u0438<\/h2>\t\t\t\t<\/div>\n\t\t\t\t<\/div>\n\t\t\t\t<div class=\"elementor-element elementor-element-221aadf elementor-widget elementor-widget-text-editor\" data-id=\"221aadf\" data-element_type=\"widget\" data-widget_type=\"text-editor.default\">\n\t\t\t\t<div class=\"elementor-widget-container\">\n\t\t\t\t\t\t\t\t\t<p>\u041a\u0430\u0436\u0434\u044b\u0439 \u0447\u0435\u043b\u043e\u0432\u0435\u043a \u043d\u0435\u0441\u0451\u0442 \u0432 \u0441\u0435\u0431\u0435 \u0443\u043d\u0438\u043a\u0430\u043b\u044c\u043d\u043e\u0435 \u0441\u0438\u044f\u043d\u0438\u0435. \u0418\u043d\u043e\u0433\u0434\u0430 \u043c\u044b \u044d\u0442\u043e \u0447\u0443\u0432\u0441\u0442\u0432\u0443\u0435\u043c, \u043d\u043e \u043d\u0430\u043c \u043d\u0435 \u0445\u0432\u0430\u0442\u0430\u0435\u0442 \u0441\u043b\u043e\u0432, \u0447\u0442\u043e\u0431\u044b \u044d\u0442\u043e \u0432\u044b\u0440\u0430\u0437\u0438\u0442\u044c.\n\u042d\u043d\u0435\u0440\u0433\u0435\u0442\u0438\u0447\u0435\u0441\u043a\u0430\u044f \u043a\u0430\u0440\u0442\u0438\u043d\u0430 \u2014 \u044d\u0442\u043e \u043f\u0443\u0442\u044c, \u0447\u0442\u043e\u0431\u044b \u0441\u0434\u0435\u043b\u0430\u0442\u044c \u044d\u0442\u043e\u0442 \u0432\u043d\u0443\u0442\u0440\u0435\u043d\u043d\u0438\u0439 \u0441\u0432\u0435\u0442 \u0432\u0438\u0434\u0438\u043c\u044b\u043c \u2014 \u0447\u0435\u0440\u0435\u0437 \u0446\u0432\u0435\u0442\u0430, \u0444\u043e\u0440\u043c\u044b \u0438 \u0432\u0438\u0431\u0440\u0430\u0446\u0438\u0438, \u0438\u0434\u0443\u0449\u0438\u0435 \u043f\u0440\u044f\u043c\u043e \u0438\u0437 \u0442\u0432\u043e\u0435\u0439 \u0434\u0443\u0448\u0438.<\/p><p><strong>\u0427\u0442\u043e \u0442\u0430\u043a\u043e\u0435 \u044d\u043d\u0435\u0440\u0433\u0435\u0442\u0438\u0447\u0435\u0441\u043a\u0430\u044f \u043a\u0430\u0440\u0442\u0438\u043d\u0430?<\/strong><\/p><p>\u042d\u043d\u0435\u0440\u0433\u0435\u0442\u0438\u0447\u0435\u0441\u043a\u0430\u044f \u043a\u0430\u0440\u0442\u0438\u043d\u0430 \u0440\u043e\u0436\u0434\u0430\u0435\u0442\u0441\u044f \u0432 \u043f\u0440\u043e\u0446\u0435\u0441\u0441\u0435 \u0438\u043d\u0442\u0443\u0438\u0442\u0438\u0432\u043d\u043e\u0439 \u0436\u0438\u0432\u043e\u043f\u0438\u0441\u0438.\n\u042f \u0441\u043e\u0435\u0434\u0438\u043d\u044f\u044e\u0441\u044c \u0441 \u0442\u0432\u043e\u0438\u043c \u043f\u043e\u043b\u0435\u043c \u0438 \u043f\u0435\u0440\u0435\u043d\u043e\u0448\u0443 \u043d\u0430 \u0445\u043e\u043b\u0441\u0442 \u043e\u0431\u0440\u0430\u0437\u044b \u0438 \u044d\u043d\u0435\u0440\u0433\u0438\u0438, \u043f\u043e\u0434\u043d\u0438\u043c\u0430\u044e\u0449\u0438\u0435\u0441\u044f \u0438\u0437 \u0442\u0432\u043e\u0438\u0445 \u0433\u043b\u0443\u0431\u0438\u043d.\n\u0422\u0430\u043a \u0441\u043e\u0437\u0434\u0430\u0451\u0442\u0441\u044f \u0443\u043d\u0438\u043a\u0430\u043b\u044c\u043d\u043e\u0435 \u043f\u0440\u043e\u0438\u0437\u0432\u0435\u0434\u0435\u043d\u0438\u0435, \u043a\u043e\u0442\u043e\u0440\u043e\u0435 \u043d\u0435\u0441\u0451\u0442 \u0442\u0432\u043e\u044e \u0441\u0438\u043b\u0443, \u0433\u0430\u0440\u043c\u043e\u043d\u0438\u044e \u0438 \u0432\u043d\u0443\u0442\u0440\u0435\u043d\u043d\u0435\u0435 \u0441\u0438\u044f\u043d\u0438\u0435.<\/p><p><strong>\u0427\u0435\u043c \u043e\u043d\u0430 \u043e\u0441\u043e\u0431\u0435\u043d\u043d\u0430\u044f?<\/strong><\/p><p>\u042d\u043d\u0435\u0440\u0433\u0435\u0442\u0438\u0447\u0435\u0441\u043a\u0430\u044f \u043a\u0430\u0440\u0442\u0438\u043d\u0430 \u2014 \u044d\u0442\u043e \u0431\u043e\u043b\u044c\u0448\u0435, \u0447\u0435\u043c \u0438\u0441\u043a\u0443\u0441\u0441\u0442\u0432\u043e:<br \/><img decoding=\"async\" class=\"emoji\" role=\"img\" draggable=\"false\" src=\"\u043d\u0430\u043f\u043e\u043b\u043d\u044f\u0435\u0442 \u0430\u0442\u043c\u043e\u0441\u0444\u0435\u0440\u0443 \u0441\u0432\u0435\u0442\u043e\u043c, \u0442\u0435\u043f\u043b\u043e\u043c \u0438 \u0431\u0430\u043b\u0430\u043d\u0441\u043e\u043c\" alt=\"\ud83c\udf3f\" \/> \u043e\u043d\u0430 \u043f\u043e\u0434\u0434\u0435\u0440\u0436\u0438\u0432\u0430\u0435\u0442 \u0442\u0435\u0431\u044f \u0432 \u043c\u043e\u043c\u0435\u043d\u0442\u044b \u0441\u043b\u0430\u0431\u043e\u0441\u0442\u0438<br \/><img decoding=\"async\" class=\"emoji\" role=\"img\" draggable=\"false\" src=\"\u043d\u0430\u043f\u043e\u043b\u043d\u044f\u0435\u0442 \u0430\u0442\u043c\u043e\u0441\u0444\u0435\u0440\u0443 \u0441\u0432\u0435\u0442\u043e\u043c, \u0442\u0435\u043f\u043b\u043e\u043c \u0438 \u0431\u0430\u043b\u0430\u043d\u0441\u043e\u043c\" alt=\"\ud83c\udf3f\" \/> \u043d\u0430\u043f\u043e\u043c\u0438\u043d\u0430\u0435\u0442 \u043e \u0442\u0432\u043e\u0451\u043c \u043f\u0440\u0435\u0434\u043d\u0430\u0437\u043d\u0430\u0447\u0435\u043d\u0438\u0438 \u0438 \u0432\u043d\u0443\u0442\u0440\u0435\u043d\u043d\u0438\u0445 \u0440\u0435\u0441\u0443\u0440\u0441\u0430\u0445<br \/><img decoding=\"async\" class=\"emoji\" role=\"img\" draggable=\"false\" src=\"\u043d\u0430\u043f\u043e\u043b\u043d\u044f\u0435\u0442 \u0430\u0442\u043c\u043e\u0441\u0444\u0435\u0440\u0443 \u0441\u0432\u0435\u0442\u043e\u043c, \u0442\u0435\u043f\u043b\u043e\u043c \u0438 \u0431\u0430\u043b\u0430\u043d\u0441\u043e\u043c\" alt=\"\ud83c\udf3f\" \/> \u0433\u0430\u0440\u043c\u043e\u043d\u0438\u0437\u0438\u0440\u0443\u0435\u0442 \u0442\u0432\u043e\u0439 \u0434\u043e\u043c \u0438\u043b\u0438 \u0440\u0430\u0431\u043e\u0447\u0435\u0435 \u043f\u0440\u043e\u0441\u0442\u0440\u0430\u043d\u0441\u0442\u0432\u043e<br \/><img decoding=\"async\" class=\"emoji\" role=\"img\" draggable=\"false\" src=\"\u043d\u0430\u043f\u043e\u043b\u043d\u044f\u0435\u0442 \u0430\u0442\u043c\u043e\u0441\u0444\u0435\u0440\u0443 \u0441\u0432\u0435\u0442\u043e\u043c, \u0442\u0435\u043f\u043b\u043e\u043c \u0438 \u0431\u0430\u043b\u0430\u043d\u0441\u043e\u043c\" alt=\"\ud83c\udf3f\" \/> erf\u00fcllt die Atmosph\u00e4re mit Licht, Balance und W\u00e4rme<br \/><img decoding=\"async\" class=\"emoji\" role=\"img\" draggable=\"false\" src=\"\u043d\u0430\u043f\u043e\u043b\u043d\u044f\u0435\u0442 \u0430\u0442\u043c\u043e\u0441\u0444\u0435\u0440\u0443 \u0441\u0432\u0435\u0442\u043e\u043c, \u0442\u0435\u043f\u043b\u043e\u043c \u0438 \u0431\u0430\u043b\u0430\u043d\u0441\u043e\u043c\" alt=\"\ud83c\udf3f\" \/> \u0434\u0435\u0439\u0441\u0442\u0432\u0443\u0435\u0442 \u043a\u0430\u043a \u043f\u0435\u0440\u0441\u043e\u043d\u0430\u043b\u044c\u043d\u044b\u0439 \u0442\u0430\u043b\u0438\u0441\u043c\u0430\u043d \u0438 \u0438\u0441\u0442\u043e\u0447\u043d\u0438\u043a \u0432\u0434\u043e\u0445\u043d\u043e\u0432\u0435\u043d\u0438\u044f<\/p><p><strong>\u041a\u0430\u043a \u044d\u0442\u043e \u0432\u044b\u0433\u043b\u044f\u0434\u0438\u0442?<\/strong><\/p><p>\u041a\u0430\u0440\u0442\u0438\u043d\u0430 \u0441\u043e\u0437\u0434\u0430\u0451\u0442\u0441\u044f \u0438\u043d\u0434\u0438\u0432\u0438\u0434\u0443\u0430\u043b\u044c\u043d\u043e \u0434\u043b\u044f \u0442\u0435\u0431\u044f.\n\u042d\u0442\u043e \u043c\u043e\u0436\u0435\u0442 \u0431\u044b\u0442\u044c \u0431\u043e\u043b\u044c\u0448\u043e\u0435 \u043f\u0440\u043e\u0438\u0437\u0432\u0435\u0434\u0435\u043d\u0438\u0435 \u0434\u043b\u044f \u0442\u0432\u043e\u0435\u0433\u043e \u043f\u0440\u043e\u0441\u0442\u0440\u0430\u043d\u0441\u0442\u0432\u0430 \u0438\u043b\u0438 \u043d\u0435\u0431\u043e\u043b\u044c\u0448\u043e\u0439 \u0444\u043e\u0440\u043c\u0430\u0442, \u043a\u043e\u0442\u043e\u0440\u044b\u0439 \u0442\u044b \u0432\u0441\u0435\u0433\u0434\u0430 \u043c\u043e\u0436\u0435\u0448\u044c \u0434\u0435\u0440\u0436\u0430\u0442\u044c \u0440\u044f\u0434\u043e\u043c.\n\u0412 \u043b\u044e\u0431\u043e\u043c \u0441\u043b\u0443\u0447\u0430\u0435 \u2014 \u044d\u0442\u043e \u0436\u0438\u0432\u043e\u0439 \u0441\u043f\u0443\u0442\u043d\u0438\u043a, \u043a\u043e\u0442\u043e\u0440\u044b\u0439 \u043f\u043e\u0434\u0434\u0435\u0440\u0436\u0438\u0432\u0430\u0435\u0442 \u0442\u0435\u0431\u044f \u0438 \u0443\u0441\u0438\u043b\u0438\u0432\u0430\u0435\u0442 \u0442\u0432\u043e\u044e \u044d\u043d\u0435\u0440\u0433\u0438\u044e.<\/p><p><strong>\u041f\u0440\u0438\u0433\u043b\u0430\u0448\u0435\u043d\u0438\u0435<\/strong><\/p><p>\u042d\u043d\u0435\u0440\u0433\u0435\u0442\u0438\u0447\u0435\u0441\u043a\u0430\u044f \u043a\u0430\u0440\u0442\u0438\u043d\u0430 \u2014 \u044d\u0442\u043e \u044f\u043a\u043e\u0440\u044c \u0442\u0432\u043e\u0435\u0439 \u0434\u0443\u0448\u0438 \u2014 \u0442\u0438\u0445\u043e\u0435, \u0441\u0432\u0435\u0442\u044f\u0449\u0435\u0435\u0441\u044f \u043d\u0430\u043f\u043e\u043c\u0438\u043d\u0430\u043d\u0438\u0435 \u043e \u0442\u043e\u043c, \u0447\u0442\u043e \u0432\u043d\u0443\u0442\u0440\u0438 \u0442\u0435\u0431\u044f \u0432\u0441\u0435\u0433\u0434\u0430 \u0435\u0441\u0442\u044c \u0441\u0432\u0435\u0442.\n\u041a\u0430\u0436\u0434\u044b\u0439 \u0432\u0437\u0433\u043b\u044f\u0434 \u043d\u0430 \u043d\u0435\u0451 \u0434\u0430\u0440\u0438\u0442 \u0441\u0438\u043b\u0443, \u0433\u0430\u0440\u043c\u043e\u043d\u0438\u044e \u0438 \u0441\u0432\u044f\u0437\u044c \u0441 \u0442\u0432\u043e\u0438\u043c \u0438\u0441\u0442\u0438\u043d\u043d\u044b\u043c \u042f.<\/p>\t\t\t\t\t\t\t\t<\/div>\n\t\t\t\t<\/div>\n\t\t\t\t\t<\/div>\n\t\t\t\t<\/div>\n\t\t<div class=\"elementor-element elementor-element-123ba85 e-flex e-con-boxed e-con e-parent\" data-id=\"123ba85\" data-element_type=\"container\">\n\t\t\t\t\t<div class=\"e-con-inner\">\n\t\t<div class=\"elementor-element elementor-element-b2ec4a2 e-con-full e-flex e-con e-child\" data-id=\"b2ec4a2\" data-element_type=\"container\">\n\t\t\t\t<div class=\"elementor-element elementor-element-2bfd8f1 elementor-widget elementor-widget-image\" data-id=\"2bfd8f1\" data-element_type=\"widget\" data-widget_type=\"image.default\">\n\t\t\t\t<div class=\"elementor-widget-container\">\n\t\t\t\t\t\t\t\t\t\t\t\t\t\t\t<img loading=\"lazy\" decoding=\"async\" width=\"1900\" height=\"1264\" src=\"https:\/\/innere-lebenskraft.de\/wp-content\/uploads\/2025\/10\/DSC_8274.jpg\" class=\"attachment-full size-full wp-image-1923\" alt=\"dsc 8274\" srcset=\"https:\/\/innere-lebenskraft.de\/wp-content\/uploads\/2025\/10\/DSC_8274.jpg 1900w, https:\/\/innere-lebenskraft.de\/wp-content\/uploads\/2025\/10\/DSC_8274-300x200.jpg 300w, https:\/\/innere-lebenskraft.de\/wp-content\/uploads\/2025\/10\/DSC_8274-1024x681.jpg 1024w, https:\/\/innere-lebenskraft.de\/wp-content\/uploads\/2025\/10\/DSC_8274-768x511.jpg 768w, https:\/\/innere-lebenskraft.de\/wp-content\/uploads\/2025\/10\/DSC_8274-1536x1022.jpg 1536w, https:\/\/innere-lebenskraft.de\/wp-content\/uploads\/2025\/10\/DSC_8274-18x12.jpg 18w\" sizes=\"auto, (max-width: 1900px) 100vw, 1900px\" \/>\t\t\t\t\t\t\t\t\t\t\t\t\t\t\t<\/div>\n\t\t\t\t<\/div>\n\t\t\t\t<\/div>\n\t\t<div class=\"elementor-element elementor-element-38e0dd4 e-con-full e-flex e-con e-child\" data-id=\"38e0dd4\" data-element_type=\"container\">\n\t\t\t\t<div class=\"elementor-element elementor-element-651adce elementor-widget elementor-widget-heading\" data-id=\"651adce\" data-element_type=\"widget\" data-widget_type=\"heading.default\">\n\t\t\t\t<div class=\"elementor-widget-container\">\n\t\t\t\t\t<h2 class=\"elementor-heading-title elementor-size-default\">\u041a\u0430\u0440\u0442\u0438\u043d\u0430, \u043a\u043e\u0442\u043e\u0440\u0430\u044f \u043f\u043e\u0434\u0434\u0435\u0440\u0436\u0438\u0432\u0430\u0435\u0442 \u0442\u0435\u0431\u044f<\/h2>\t\t\t\t<\/div>\n\t\t\t\t<\/div>\n\t\t\t\t<div class=\"elementor-element elementor-element-c0e1a60 elementor-widget-divider--view-line elementor-widget elementor-widget-divider\" data-id=\"c0e1a60\" data-element_type=\"widget\" data-widget_type=\"divider.default\">\n\t\t\t\t<div class=\"elementor-widget-container\">\n\t\t\t\t\t\t\t<div class=\"elementor-divider\">\n\t\t\t<span class=\"elementor-divider-separator\">\n\t\t\t\t\t\t<\/span>\n\t\t<\/div>\n\t\t\t\t\t\t<\/div>\n\t\t\t\t<\/div>\n\t\t\t\t<div class=\"elementor-element elementor-element-61e6960 elementor-widget elementor-widget-heading\" data-id=\"61e6960\" data-element_type=\"widget\" data-widget_type=\"heading.default\">\n\t\t\t\t<div class=\"elementor-widget-container\">\n\t\t\t\t\t<h6 class=\"elementor-heading-title elementor-size-default\">\u0422\u0432\u043e\u044f \u0434\u0443\u0448\u0430 \u0433\u043e\u0432\u043e\u0440\u0438\u0442 \u043d\u0430 \u044f\u0437\u044b\u043a\u0435 \u043a\u0440\u0430\u0441\u043e\u043a<\/h6>\t\t\t\t<\/div>\n\t\t\t\t<\/div>\n\t\t\t\t<div class=\"elementor-element elementor-element-cd004ed elementor-widget elementor-widget-text-editor\" data-id=\"cd004ed\" data-element_type=\"widget\" data-widget_type=\"text-editor.default\">\n\t\t\t\t<div class=\"elementor-widget-container\">\n\t\t\t\t\t\t\t\t\t<p>\u042d\u043d\u0435\u0440\u0433\u0435\u0442\u0438\u0447\u0435\u0441\u043a\u0430\u044f \u043a\u0430\u0440\u0442\u0438\u043d\u0430 \u0440\u0430\u0441\u043a\u0440\u044b\u0432\u0430\u0435\u0442 \u0441\u0432\u0435\u0442, \u0436\u0438\u0432\u0443\u0449\u0438\u0439 \u0432 \u0442\u0435\u0431\u0435. \u042d\u0442\u043e \u043d\u0435 \u043f\u0440\u043e\u0441\u0442\u043e \u0438\u0441\u043a\u0443\u0441\u0441\u0442\u0432\u043e \u2014 \u044d\u0442\u043e \u043e\u0442\u0440\u0430\u0436\u0435\u043d\u0438\u0435 \u0442\u0432\u043e\u0435\u0439 \u0432\u043d\u0443\u0442\u0440\u0435\u043d\u043d\u0435\u0439 \u0441\u0438\u043b\u044b \u043d\u0430 \u0445\u043e\u043b\u0441\u0442\u0435.<\/p>\t\t\t\t\t\t\t\t<\/div>\n\t\t\t\t<\/div>\n\t\t\t\t<div class=\"elementor-element elementor-element-5658885 elementor-widget elementor-widget-button\" data-id=\"5658885\" data-element_type=\"widget\" data-widget_type=\"button.default\">\n\t\t\t\t<div class=\"elementor-widget-container\">\n\t\t\t\t\t\t\t\t\t<div class=\"elementor-button-wrapper\">\n\t\t\t\t\t<a class=\"elementor-button elementor-button-link elementor-size-sm\" href=\"https:\/\/innere-lebenskraft.de\/ru\/kontakt\/\">\n\t\t\t\t\t\t<span class=\"elementor-button-content-wrapper\">\n\t\t\t\t\t\t\t\t\t<span class=\"elementor-button-text\">\u0417\u0430\u043a\u0430\u043a\u0437\u0430\u0442\u044c \u0441\u0432\u043e\u044e \u043a\u0430\u0440\u0442\u0438\u043d\u0443<\/span>\n\t\t\t\t\t<\/span>\n\t\t\t\t\t<\/a>\n\t\t\t\t<\/div>\n\t\t\t\t\t\t\t\t<\/div>\n\t\t\t\t<\/div>\n\t\t\t\t<\/div>\n\t\t\t\t\t<\/div>\n\t\t\t\t<\/div>\n\t\t\t\t<\/div>","protected":false},"excerpt":{"rendered":"<p>Energiebilder Erinnerung an deine St\u00e4rke und dein Strahlen Energiebilder Energiebilder \u2013 das leuchtende Spiegelbild deiner Seele Jeder Mensch tr\u00e4gt ein [&hellip;]<\/p>\n","protected":false},"author":1,"featured_media":0,"parent":0,"menu_order":0,"comment_status":"closed","ping_status":"closed","template":"","meta":{"site-sidebar-layout":"no-sidebar","site-content-layout":"","ast-site-content-layout":"full-width-container","site-content-style":"default","site-sidebar-style":"default","ast-global-header-display":"","ast-banner-title-visibility":"","ast-main-header-display":"","ast-hfb-above-header-display":"","ast-hfb-below-header-display":"","ast-hfb-mobile-header-display":"","site-post-title":"disabled","ast-breadcrumbs-content":"","ast-featured-img":"disabled","footer-sml-layout":"","theme-transparent-header-meta":"","adv-header-id-meta":"","stick-header-meta":"","header-above-stick-meta":"","header-main-stick-meta":"","header-below-stick-meta":"","astra-migrate-meta-layouts":"default","ast-page-background-enabled":"default","ast-page-background-meta":{"desktop":{"background-color":"var(--ast-global-color-4)","background-image":"","background-repeat":"repeat","background-position":"center center","background-size":"auto","background-attachment":"scroll","background-type":"","background-media":"","overlay-type":"","overlay-color":"","overlay-opacity":"","overlay-gradient":""},"tablet":{"background-color":"","background-image":"","background-repeat":"repeat","background-position":"center center","background-size":"auto","background-attachment":"scroll","background-type":"","background-media":"","overlay-type":"","overlay-color":"","overlay-opacity":"","overlay-gradient":""},"mobile":{"background-color":"","background-image":"","background-repeat":"repeat","background-position":"center center","background-size":"auto","background-attachment":"scroll","background-type":"","background-media":"","overlay-type":"","overlay-color":"","overlay-opacity":"","overlay-gradient":""}},"ast-content-background-meta":{"desktop":{"background-color":"var(--ast-global-color-5)","background-image":"","background-repeat":"repeat","background-position":"center center","background-size":"auto","background-attachment":"scroll","background-type":"","background-media":"","overlay-type":"","overlay-color":"","overlay-opacity":"","overlay-gradient":""},"tablet":{"background-color":"var(--ast-global-color-5)","background-image":"","background-repeat":"repeat","background-position":"center center","background-size":"auto","background-attachment":"scroll","background-type":"","background-media":"","overlay-type":"","overlay-color":"","overlay-opacity":"","overlay-gradient":""},"mobile":{"background-color":"var(--ast-global-color-5)","background-image":"","background-repeat":"repeat","background-position":"center center","background-size":"auto","background-attachment":"scroll","background-type":"","background-media":"","overlay-type":"","overlay-color":"","overlay-opacity":"","overlay-gradient":""}},"footnotes":""},"class_list":["post-1622","page","type-page","status-publish","hentry"],"_links":{"self":[{"href":"https:\/\/innere-lebenskraft.de\/ru\/wp-json\/wp\/v2\/pages\/1622","targetHints":{"allow":["GET"]}}],"collection":[{"href":"https:\/\/innere-lebenskraft.de\/ru\/wp-json\/wp\/v2\/pages"}],"about":[{"href":"https:\/\/innere-lebenskraft.de\/ru\/wp-json\/wp\/v2\/types\/page"}],"author":[{"embeddable":true,"href":"https:\/\/innere-lebenskraft.de\/ru\/wp-json\/wp\/v2\/users\/1"}],"replies":[{"embeddable":true,"href":"https:\/\/innere-lebenskraft.de\/ru\/wp-json\/wp\/v2\/comments?post=1622"}],"version-history":[{"count":10,"href":"https:\/\/innere-lebenskraft.de\/ru\/wp-json\/wp\/v2\/pages\/1622\/revisions"}],"predecessor-version":[{"id":2688,"href":"https:\/\/innere-lebenskraft.de\/ru\/wp-json\/wp\/v2\/pages\/1622\/revisions\/2688"}],"wp:attachment":[{"href":"https:\/\/innere-lebenskraft.de\/ru\/wp-json\/wp\/v2\/media?parent=1622"}],"curies":[{"name":"wp","href":"https:\/\/api.w.org\/{rel}","templated":true}]}}