{"id":32,"date":"2025-08-31T22:13:33","date_gmt":"2025-08-31T20:13:33","guid":{"rendered":"https:\/\/innere-lebenskraft.de\/contact\/"},"modified":"2025-11-07T13:34:31","modified_gmt":"2025-11-07T12:34:31","slug":"kontakt","status":"publish","type":"page","link":"https:\/\/innere-lebenskraft.de\/ru\/kontakt\/","title":{"rendered":"\u041a\u043e\u043d\u0442\u0430\u043a\u0442"},"content":{"rendered":"\t\t<div data-elementor-type=\"wp-page\" data-elementor-id=\"32\" class=\"elementor elementor-32\">\n\t\t\t\t<div class=\"elementor-element elementor-element-4f9ecdb e-flex e-con-boxed e-con e-parent\" data-id=\"4f9ecdb\" data-element_type=\"container\">\n\t\t\t\t\t<div class=\"e-con-inner\">\n\t\t\t\t<div class=\"elementor-element elementor-element-38c1e29 elementor-widget elementor-widget-heading\" data-id=\"38c1e29\" data-element_type=\"widget\" data-widget_type=\"heading.default\">\n\t\t\t\t<div class=\"elementor-widget-container\">\n\t\t\t\t\t<h1 class=\"elementor-heading-title elementor-size-default\">Kontakt<\/h1>\t\t\t\t<\/div>\n\t\t\t\t<\/div>\n\t\t\t\t\t<\/div>\n\t\t\t\t<\/div>\n\t\t<div class=\"elementor-element elementor-element-c1cddec e-flex e-con-boxed e-con e-parent\" data-id=\"c1cddec\" data-element_type=\"container\" data-settings=\"{&quot;background_background&quot;:&quot;classic&quot;}\">\n\t\t\t\t\t<div class=\"e-con-inner\">\n\t\t<div class=\"elementor-element elementor-element-c709b89 e-con-full e-flex e-con e-child\" data-id=\"c709b89\" data-element_type=\"container\" data-settings=\"{&quot;background_background&quot;:&quot;classic&quot;}\">\n\t\t\t\t<div class=\"elementor-element elementor-element-5dce63a elementor-widget elementor-widget-heading\" data-id=\"5dce63a\" data-element_type=\"widget\" data-widget_type=\"heading.default\">\n\t\t\t\t<div class=\"elementor-widget-container\">\n\t\t\t\t\t<h2 class=\"elementor-heading-title elementor-size-default\">Bist du bereit, tiefer in dich selbst einzutauchen und deinen Weg klarer zu sehen?\nDann freue ich mich, dich auf diesem Prozess zu begleiten.\n<\/h2>\t\t\t\t<\/div>\n\t\t\t\t<\/div>\n\t\t<div class=\"elementor-element elementor-element-b348c58 e-con-full e-flex e-con e-child\" data-id=\"b348c58\" data-element_type=\"container\">\n\t\t\t\t<div class=\"elementor-element elementor-element-7bd5d43 elementor-widget__width-initial elementor-widget elementor-widget-text-editor\" data-id=\"7bd5d43\" data-element_type=\"widget\" data-widget_type=\"text-editor.default\">\n\t\t\t\t<div class=\"elementor-widget-container\">\n\t\t\t\t\t\t\t\t\t<p><span style=\"font-weight: 400;\">Schreib mir gerne eine Nachricht, wenn du Fragen hast oder einen Termin vereinbaren m\u00f6chtest.<\/span><\/p><p><span style=\"font-weight: 400;\">Alle Sitzungen finden aktuell online statt \u2013 flexibel und von \u00fcberall aus.<\/span><\/p><p><span style=\"font-weight: 400;\">Ich freue mich darauf, dich kennenzulernen und gemeinsam mit dir neue T\u00fcren zu \u00f6ffnen.<\/span><\/p>\t\t\t\t\t\t\t\t<\/div>\n\t\t\t\t<\/div>\n\t\t\t\t<div class=\"elementor-element elementor-element-e124170 elementor-widget elementor-widget-html\" data-id=\"e124170\" data-element_type=\"widget\" data-widget_type=\"html.default\">\n\t\t\t\t<div class=\"elementor-widget-container\">\n\t\t\t\t\t<div style=\"display: flex; flex-direction: column; gap: 10px; font-family: Inter, sans-serif; font-size: 16px;\">\n\n  <a href=\"https:\/\/wa.me\/4917630655268\" target=\"_blank\" style=\"text-decoration: none; display: flex; align-items: center; gap: 10px;\" rel=\"noopener\">\n    <i class=\"fab fa-whatsapp\" style=\"color: #70a309; font-size: 20px;\"><\/i>\n    <span style=\"color: #000;\">WhatsApp<\/span>\n  <\/a>\n\n  <a href=\"https:\/\/www.instagram.com\/margaritagerliz_\" target=\"_blank\" style=\"text-decoration: none; display: flex; align-items: center; gap: 10px;\" rel=\"noopener\">\n    <i class=\"fab fa-instagram\" style=\"color: #70a309; font-size: 20px;\"><\/i>\n    <span style=\"color: #000;\">Instagram<\/span>\n  <\/a>\n\n  <a href=\"https:\/\/t.me\/MargaritaGerliz\" target=\"_blank\" style=\"text-decoration: none; display: flex; align-items: center; gap: 8px;\">\n    <i class=\"fab fa-telegram\" style=\"color: #70a309; font-size: 20px; margin-right: -2px;\"><\/i>\n    <span style=\"color: #000;\">Telegram<\/span>\n  <\/a>\n\n  <a href=\"https:\/\/www.google.com\/maps\/place\/48366+Laer\" target=\"_blank\" style=\"text-decoration: none; display: flex; align-items: center; gap: 10px;\" rel=\"noopener\">\n    <i class=\"fas fa-map-marker-alt\" style=\"color: #70a309; font-size: 20px;\"><\/i>\n    <span style=\"color: #000;\">Standort<\/span>\n  <\/a>\n\n<\/div>\t\t\t\t<\/div>\n\t\t\t\t<\/div>\n\t\t\t\t<\/div>\n\t\t\t\t<\/div>\n\t\t<div class=\"elementor-element elementor-element-862b7d2 e-con-full e-flex e-con e-child\" data-id=\"862b7d2\" data-element_type=\"container\" data-settings=\"{&quot;background_background&quot;:&quot;classic&quot;}\">\n\t\t\t\t<div class=\"elementor-element elementor-element-36198b7 elementor-widget elementor-widget-wpforms\" data-id=\"36198b7\" data-element_type=\"widget\" data-widget_type=\"wpforms.default\">\n\t\t\t\t<div class=\"elementor-widget-container\">\n\t\t\t\t\t<style id=\"wpforms-css-vars-elementor-widget-36198b7\">\n\t\t\t\t.elementor-widget-wpforms.elementor-element-36198b7 {\n\t\t\t\t--wpforms-button-background-color: #70A309;\n\t\t\t}\n\t\t\t<\/style><div class=\"wpforms-container wpforms-container-full wpforms-render-modern\" id=\"wpforms-1683\"><form id=\"wpforms-form-1683\" class=\"wpforms-validate wpforms-form wpforms-ajax-form\" data-formid=\"1683\" method=\"post\" enctype=\"multipart\/form-data\" action=\"\/ru\/wp-json\/wp\/v2\/pages\/32\" data-token=\"a9df3115c75f1495410245d123510fee\" data-token-time=\"1776522761\"><noscript class=\"wpforms-error-noscript\">\u0414\u043b\u044f \u0437\u0430\u043f\u043e\u043b\u043d\u0435\u043d\u0438\u044f \u0434\u0430\u043d\u043d\u043e\u0439 \u0444\u043e\u0440\u043c\u044b \u0432\u043a\u043b\u044e\u0447\u0438\u0442\u0435 JavaScript \u0432 \u0431\u0440\u0430\u0443\u0437\u0435\u0440\u0435.<\/noscript><div id=\"wpforms-error-noscript\" style=\"display: none;\">\u0414\u043b\u044f \u0437\u0430\u043f\u043e\u043b\u043d\u0435\u043d\u0438\u044f \u0434\u0430\u043d\u043d\u043e\u0439 \u0444\u043e\u0440\u043c\u044b \u0432\u043a\u043b\u044e\u0447\u0438\u0442\u0435 JavaScript \u0432 \u0431\u0440\u0430\u0443\u0437\u0435\u0440\u0435.<\/div><div class=\"wpforms-field-container\"><div id=\"wpforms-1683-field_1-container\" class=\"wpforms-field wpforms-field-name\" data-field-id=\"1\"><fieldset><legend class=\"wpforms-field-label\">Name <span class=\"wpforms-required-label\" aria-hidden=\"true\">*<\/span><\/legend><div class=\"wpforms-field-row wpforms-field-large\"><div class=\"wpforms-field-row-block wpforms-first wpforms-one-half\"><input type=\"text\" id=\"wpforms-1683-field_1\" class=\"wpforms-field-name-first wpforms-field-required\" name=\"wpforms[fields][1][first]\" aria-errormessage=\"wpforms-1683-field_1-error\" required><label for=\"wpforms-1683-field_1\" class=\"wpforms-field-sublabel after\">\u0418\u043c\u044f<\/label><\/div><div class=\"wpforms-field-row-block wpforms-one-half\"><input type=\"text\" id=\"wpforms-1683-field_1-last\" class=\"wpforms-field-name-last wpforms-field-required\" name=\"wpforms[fields][1][last]\" aria-errormessage=\"wpforms-1683-field_1-last-error\" required><label for=\"wpforms-1683-field_1-last\" class=\"wpforms-field-sublabel after\">\u0424\u0430\u043c\u0438\u043b\u0438\u044f<\/label><\/div><\/div><\/fieldset><\/div><div id=\"wpforms-1683-field_2-container\" class=\"wpforms-field wpforms-field-email\" data-field-id=\"2\"><label class=\"wpforms-field-label\" for=\"wpforms-1683-field_2\">E-Mail-Adresse <span class=\"wpforms-required-label\" aria-hidden=\"true\">*<\/span><\/label><input type=\"email\" id=\"wpforms-1683-field_2\" class=\"wpforms-field-large wpforms-field-required\" name=\"wpforms[fields][2]\" spellcheck=\"false\" aria-errormessage=\"wpforms-1683-field_2-error\" required><\/div>\t\t<div id=\"wpforms-1683-field_6-container\"\n\t\t\tclass=\"wpforms-field wpforms-field-text\"\n\t\t\tdata-field-type=\"text\"\n\t\t\tdata-field-id=\"6\"\n\t\t\t>\n\t\t\t<label class=\"wpforms-field-label\" for=\"wpforms-1683-field_6\" >Datenschutz-zustimmung Ich Name<\/label>\n\t\t\t<input type=\"text\" id=\"wpforms-1683-field_6\" class=\"wpforms-field-medium\" name=\"wpforms[fields][6]\" >\n\t\t<\/div>\n\t\t<div id=\"wpforms-1683-field_5-container\" class=\"wpforms-field wpforms-field-checkbox wpforms-list-2-columns\" data-field-id=\"5\"><fieldset><legend class=\"wpforms-field-label\">Ich interessiere mich f\u00fcr<\/legend><ul id=\"wpforms-1683-field_5\"><li class=\"choice-1 depth-1\"><input type=\"checkbox\" id=\"wpforms-1683-field_5_1\" name=\"wpforms[fields][5][]\" value=\"Lebensberatung\" aria-errormessage=\"wpforms-1683-field_5_1-error\"  ><label class=\"wpforms-field-label-inline\" for=\"wpforms-1683-field_5_1\">Lebensberatung<\/label><\/li><li class=\"choice-2 depth-1\"><input type=\"checkbox\" id=\"wpforms-1683-field_5_2\" name=\"wpforms[fields][5][]\" value=\"Reiki\" aria-errormessage=\"wpforms-1683-field_5_2-error\"  ><label class=\"wpforms-field-label-inline\" for=\"wpforms-1683-field_5_2\">Reiki<\/label><\/li><li class=\"choice-3 depth-1\"><input type=\"checkbox\" id=\"wpforms-1683-field_5_3\" name=\"wpforms[fields][5][]\" value=\"Aroma Touch\" aria-errormessage=\"wpforms-1683-field_5_3-error\"  ><label class=\"wpforms-field-label-inline\" for=\"wpforms-1683-field_5_3\">Aroma Touch<\/label><\/li><li class=\"choice-6 depth-1\"><input type=\"checkbox\" id=\"wpforms-1683-field_5_6\" name=\"wpforms[fields][5][]\" value=\"Numerologie\" aria-errormessage=\"wpforms-1683-field_5_6-error\"  ><label class=\"wpforms-field-label-inline\" for=\"wpforms-1683-field_5_6\">Numerologie<\/label><\/li><li class=\"choice-4 depth-1\"><input type=\"checkbox\" id=\"wpforms-1683-field_5_4\" name=\"wpforms[fields][5][]\" value=\"Transformierende Parfums\" aria-errormessage=\"wpforms-1683-field_5_4-error\"  ><label class=\"wpforms-field-label-inline\" for=\"wpforms-1683-field_5_4\">Transformierende Parfums<\/label><\/li><li class=\"choice-5 depth-1\"><input type=\"checkbox\" id=\"wpforms-1683-field_5_5\" name=\"wpforms[fields][5][]\" value=\"Energiebilder\" aria-errormessage=\"wpforms-1683-field_5_5-error\"  ><label class=\"wpforms-field-label-inline\" for=\"wpforms-1683-field_5_5\">Energiebilder<\/label><\/li><\/ul><\/fieldset><\/div><div id=\"wpforms-1683-field_3-container\" class=\"wpforms-field wpforms-field-textarea\" data-field-id=\"3\"><label class=\"wpforms-field-label\" for=\"wpforms-1683-field_3\">Kommentar oder Nachricht <span class=\"wpforms-required-label\" aria-hidden=\"true\">*<\/span><\/label><textarea id=\"wpforms-1683-field_3\" class=\"wpforms-field-medium wpforms-field-required\" name=\"wpforms[fields][3]\" aria-errormessage=\"wpforms-1683-field_3-error\" required><\/textarea><\/div><div id=\"wpforms-1683-field_4-container\" class=\"wpforms-field wpforms-field-checkbox\" data-field-id=\"4\"><fieldset><legend class=\"wpforms-field-label\">Datenschutz-zustimmung <span class=\"wpforms-required-label\" aria-hidden=\"true\">*<\/span><\/legend><ul id=\"wpforms-1683-field_4\" class=\"wpforms-field-required\"><li class=\"choice-1 depth-1\"><input type=\"checkbox\" id=\"wpforms-1683-field_4_1\" name=\"wpforms[fields][4][]\" value=\"Ich stimme der Verarbeitung meiner Daten gem\u00e4\u00df der [Datenschutzerkl\u00e4rung](https:\/\/innere-lebenskraft.de\/datenschutz\/) zu.\" aria-errormessage=\"wpforms-1683-field_4_1-error\" required ><label class=\"wpforms-field-label-inline\" for=\"wpforms-1683-field_4_1\">Ich stimme der Verarbeitung meiner Daten gem\u00e4\u00df der [Datenschutzerkl\u00e4rung](https:\/\/innere-lebenskraft.de\/datenschutz\/) zu.<\/label><\/li><\/ul><\/fieldset><\/div><script>\n\t\t\t\t( function() {\n\t\t\t\t\tconst style = document.createElement( 'style' );\n\t\t\t\t\tstyle.appendChild( document.createTextNode( '#wpforms-1683-field_6-container { position: absolute !important; overflow: hidden !important; display: inline !important; height: 1px !important; width: 1px !important; z-index: -1000 !important; padding: 0 !important; } #wpforms-1683-field_6-container input { visibility: hidden; } #wpforms-conversational-form-page #wpforms-1683-field_6-container label { counter-increment: none; }' ) );\n\t\t\t\t\tdocument.head.appendChild( style );\n\t\t\t\t\tdocument.currentScript?.remove();\n\t\t\t\t} )();\n\t\t\t<\/script><\/div><!-- .wpforms-field-container --><div class=\"wpforms-submit-container\" ><input type=\"hidden\" name=\"wpforms[id]\" value=\"1683\"><input type=\"hidden\" name=\"page_title\" value=\"\"><input type=\"hidden\" name=\"page_url\" value=\"https:\/\/innere-lebenskraft.de\/ru\/wp-json\/wp\/v2\/pages\/32\"><input type=\"hidden\" name=\"url_referer\" value=\"\"><button type=\"submit\" name=\"wpforms[submit]\" id=\"wpforms-submit-1683\" class=\"wpforms-submit\" data-alt-text=\"Wird gesendet\u00a0\u2026\" data-submit-text=\"Absenden\" aria-live=\"assertive\" value=\"wpforms-submit\">Absenden<\/button><img loading=\"lazy\" decoding=\"async\" src=\"https:\/\/innere-lebenskraft.de\/wp-content\/plugins\/wpforms-lite\/assets\/images\/submit-spin.svg\" class=\"wpforms-submit-spinner\" style=\"display: none;\" width=\"26\" height=\"26\" alt=\"\u0417\u0430\u0433\u0440\u0443\u0437\u043a\u0430\"><\/div><\/form><\/div>  <!-- .wpforms-container -->\t\t\t\t<\/div>\n\t\t\t\t<\/div>\n\t\t\t\t<\/div>\n\t\t\t\t\t<\/div>\n\t\t\t\t<\/div>\n\t\t\t\t<\/div>\n\t\t","protected":false},"excerpt":{"rendered":"<p>Kontakt Bist du bereit, tiefer in dich selbst einzutauchen und deinen Weg klarer zu sehen? Dann freue ich mich, dich [&hellip;]<\/p>\n","protected":false},"author":1,"featured_media":0,"parent":0,"menu_order":0,"comment_status":"closed","ping_status":"closed","template":"","meta":{"site-sidebar-layout":"no-sidebar","site-content-layout":"","ast-site-content-layout":"full-width-container","site-content-style":"default","site-sidebar-style":"default","ast-global-header-display":"","ast-banner-title-visibility":"","ast-main-header-display":"","ast-hfb-above-header-display":"","ast-hfb-below-header-display":"","ast-hfb-mobile-header-display":"","site-post-title":"disabled","ast-breadcrumbs-content":"","ast-featured-img":"disabled","footer-sml-layout":"","theme-transparent-header-meta":"","adv-header-id-meta":"","stick-header-meta":"","header-above-stick-meta":"","header-main-stick-meta":"","header-below-stick-meta":"","astra-migrate-meta-layouts":"default","ast-page-background-enabled":"default","ast-page-background-meta":{"desktop":{"background-color":"var(--ast-global-color-4)","background-image":"","background-repeat":"repeat","background-position":"center center","background-size":"auto","background-attachment":"scroll","background-type":"","background-media":"","overlay-type":"","overlay-color":"","overlay-opacity":"","overlay-gradient":""},"tablet":{"background-color":"","background-image":"","background-repeat":"repeat","background-position":"center center","background-size":"auto","background-attachment":"scroll","background-type":"","background-media":"","overlay-type":"","overlay-color":"","overlay-opacity":"","overlay-gradient":""},"mobile":{"background-color":"","background-image":"","background-repeat":"repeat","background-position":"center center","background-size":"auto","background-attachment":"scroll","background-type":"","background-media":"","overlay-type":"","overlay-color":"","overlay-opacity":"","overlay-gradient":""}},"ast-content-background-meta":{"desktop":{"background-color":"var(--ast-global-color-5)","background-image":"","background-repeat":"repeat","background-position":"center center","background-size":"auto","background-attachment":"scroll","background-type":"","background-media":"","overlay-type":"","overlay-color":"","overlay-opacity":"","overlay-gradient":""},"tablet":{"background-color":"var(--ast-global-color-5)","background-image":"","background-repeat":"repeat","background-position":"center center","background-size":"auto","background-attachment":"scroll","background-type":"","background-media":"","overlay-type":"","overlay-color":"","overlay-opacity":"","overlay-gradient":""},"mobile":{"background-color":"var(--ast-global-color-5)","background-image":"","background-repeat":"repeat","background-position":"center center","background-size":"auto","background-attachment":"scroll","background-type":"","background-media":"","overlay-type":"","overlay-color":"","overlay-opacity":"","overlay-gradient":""}},"footnotes":""},"class_list":["post-32","page","type-page","status-publish","hentry"],"_links":{"self":[{"href":"https:\/\/innere-lebenskraft.de\/ru\/wp-json\/wp\/v2\/pages\/32","targetHints":{"allow":["GET"]}}],"collection":[{"href":"https:\/\/innere-lebenskraft.de\/ru\/wp-json\/wp\/v2\/pages"}],"about":[{"href":"https:\/\/innere-lebenskraft.de\/ru\/wp-json\/wp\/v2\/types\/page"}],"author":[{"embeddable":true,"href":"https:\/\/innere-lebenskraft.de\/ru\/wp-json\/wp\/v2\/users\/1"}],"replies":[{"embeddable":true,"href":"https:\/\/innere-lebenskraft.de\/ru\/wp-json\/wp\/v2\/comments?post=32"}],"version-history":[{"count":10,"href":"https:\/\/innere-lebenskraft.de\/ru\/wp-json\/wp\/v2\/pages\/32\/revisions"}],"predecessor-version":[{"id":2729,"href":"https:\/\/innere-lebenskraft.de\/ru\/wp-json\/wp\/v2\/pages\/32\/revisions\/2729"}],"wp:attachment":[{"href":"https:\/\/innere-lebenskraft.de\/ru\/wp-json\/wp\/v2\/media?parent=32"}],"curies":[{"name":"wp","href":"https:\/\/api.w.org\/{rel}","templated":true}]}}